{"id":58,"date":"2024-10-18T22:11:32","date_gmt":"2024-10-18T20:11:32","guid":{"rendered":"https:\/\/aloretro.fr\/?page_id=58"},"modified":"2025-03-20T15:20:17","modified_gmt":"2025-03-20T14:20:17","slug":"contactez-nous","status":"publish","type":"page","link":"https:\/\/aloretro.fr\/index.php\/contactez-nous\/","title":{"rendered":"Contactez-nous"},"content":{"rendered":"\n<p>Vous r\u00eavez d\u2019arriver \u00e0 votre mariage dans une voiture d\u2019exception, alliant charme r\u00e9tro et \u00e9l\u00e9gance intemporelle ? Nous sommes l\u00e0 pour faire de ce moment unique une r\u00e9alit\u00e9.<\/p>\n\n\n\n<p><strong>Contactez-nous d\u00e8s maintenant pour :<\/strong><\/p>\n\n\n\n<ul class=\"wp-block-list\">\n<li>R\u00e9server l\u2019une de nos voitures de collection pour votre grand jour.<\/li>\n\n\n\n<li>Obtenir plus d\u2019informations sur nos mod\u00e8les disponibles.<\/li>\n\n\n\n<li>Discuter de vos besoins sp\u00e9cifiques et recevoir un devis personnalis\u00e9.<\/li>\n<\/ul>\n\n\n\n<p><strong>Coordonn\u00e9es :<\/strong> \ud83d\udcde <strong>T\u00e9l\u00e9phone :<\/strong> 07.88.45.61.78<br>\ud83d\udce7 <strong>E-mail :<\/strong> aloretro35@hotmail.com<br>\ud83d\udccd <strong>Adresse :<\/strong> La Faverais 35310 Mordelles<\/p>\n\n\n\n<p><strong>Formulaire de contact<\/strong><\/p>\n\n\n\n<p>Vous pouvez \u00e9galement utiliser le formulaire ci-dessous pour nous faire part de vos questions ou demandes sp\u00e9cifiques. Laissez-nous vos coordonn\u00e9es et nous vous contacterons rapidement :<\/p>\n\n\n\n<div class=\"wpcf7 no-js\" id=\"wpcf7-f97-o1\" lang=\"fr-FR\" dir=\"ltr\" data-wpcf7-id=\"97\">\n<div class=\"screen-reader-response\"><p role=\"status\" aria-live=\"polite\" aria-atomic=\"true\"><\/p> <ul><\/ul><\/div>\n<form action=\"\/index.php\/wp-json\/wp\/v2\/pages\/58#wpcf7-f97-o1\" method=\"post\" class=\"wpcf7-form init\" aria-label=\"Formulaire de contact\" novalidate=\"novalidate\" data-status=\"init\">\n<fieldset class=\"hidden-fields-container\"><input type=\"hidden\" name=\"_wpcf7\" value=\"97\" \/><input type=\"hidden\" name=\"_wpcf7_version\" value=\"6.1.1\" \/><input type=\"hidden\" name=\"_wpcf7_locale\" value=\"fr_FR\" \/><input type=\"hidden\" name=\"_wpcf7_unit_tag\" value=\"wpcf7-f97-o1\" \/><input type=\"hidden\" name=\"_wpcf7_container_post\" value=\"0\" \/><input type=\"hidden\" name=\"_wpcf7_posted_data_hash\" value=\"\" \/>\n<\/fieldset>\n<p><label> Votre nom<br \/>\n<span class=\"wpcf7-form-control-wrap\" data-name=\"your-name\"><input size=\"40\" maxlength=\"400\" class=\"wpcf7-form-control wpcf7-text wpcf7-validates-as-required\" autocomplete=\"name\" aria-required=\"true\" aria-invalid=\"false\" value=\"\" type=\"text\" name=\"your-name\" \/><\/span> <\/label>\n<\/p>\n<p><label> Votre e-mail<br \/>\n<span class=\"wpcf7-form-control-wrap\" data-name=\"your-email\"><input size=\"40\" maxlength=\"400\" class=\"wpcf7-form-control wpcf7-email wpcf7-validates-as-required wpcf7-text wpcf7-validates-as-email\" autocomplete=\"email\" aria-required=\"true\" aria-invalid=\"false\" value=\"\" type=\"email\" name=\"your-email\" \/><\/span> <\/label>\n<\/p>\n<p><label> Objet<br \/>\n<span class=\"wpcf7-form-control-wrap\" data-name=\"your-subject\"><input size=\"40\" maxlength=\"400\" class=\"wpcf7-form-control wpcf7-text wpcf7-validates-as-required\" aria-required=\"true\" aria-invalid=\"false\" value=\"\" type=\"text\" name=\"your-subject\" \/><\/span> <\/label>\n<\/p>\n<p><label> Votre message (facultatif)<br \/>\n<span class=\"wpcf7-form-control-wrap\" data-name=\"your-message\"><textarea cols=\"40\" rows=\"10\" maxlength=\"2000\" class=\"wpcf7-form-control wpcf7-textarea\" aria-invalid=\"false\" name=\"your-message\"><\/textarea><\/span> <\/label>\n<\/p>\n<p><input class=\"wpcf7-form-control wpcf7-submit has-spinner\" type=\"submit\" value=\"Envoyer\" \/>\n<\/p><div class=\"wpcf7-response-output\" aria-hidden=\"true\"><\/div>\n<\/form>\n<\/div>\n\n\n\n\n<p><strong>Suivez-nous :<\/strong><br>Pour d\u00e9couvrir nos derni\u00e8res nouveaut\u00e9s et des id\u00e9es d\u2019inspiration pour votre mariage, suivez-nous sur Instragram @aloretro35.<\/p>\n\n\n\n<p>Nous sommes impatients de faire partie de votre journ\u00e9e sp\u00e9ciale et de vous offrir une exp\u00e9rience inoubliable !<\/p>\n\n\n\n<p><\/p>\n","protected":false},"excerpt":{"rendered":"<p>Vous r\u00eavez d\u2019arriver \u00e0 votre mariage dans une voiture d\u2019exception, alliant charme r\u00e9tro et \u00e9l\u00e9gance intemporelle ? Nous sommes l\u00e0 pour faire de ce moment unique une r\u00e9alit\u00e9. Contactez-nous d\u00e8s maintenant pour : Coordonn\u00e9es : \ud83d\udcde T\u00e9l\u00e9phone : 07.88.45.61.78\ud83d\udce7 E-mail : aloretro35@hotmail.com\ud83d\udccd Adresse : La Faverais 35310 Mordelles Formulaire de contact Vous pouvez \u00e9galement utiliser [&hellip;]<\/p>\n","protected":false},"author":1,"featured_media":0,"parent":0,"menu_order":6,"comment_status":"closed","ping_status":"closed","template":"","meta":{"footnotes":""},"class_list":["post-58","page","type-page","status-publish","hentry"],"_links":{"self":[{"href":"https:\/\/aloretro.fr\/index.php\/wp-json\/wp\/v2\/pages\/58","targetHints":{"allow":["GET"]}}],"collection":[{"href":"https:\/\/aloretro.fr\/index.php\/wp-json\/wp\/v2\/pages"}],"about":[{"href":"https:\/\/aloretro.fr\/index.php\/wp-json\/wp\/v2\/types\/page"}],"author":[{"embeddable":true,"href":"https:\/\/aloretro.fr\/index.php\/wp-json\/wp\/v2\/users\/1"}],"replies":[{"embeddable":true,"href":"https:\/\/aloretro.fr\/index.php\/wp-json\/wp\/v2\/comments?post=58"}],"version-history":[{"count":8,"href":"https:\/\/aloretro.fr\/index.php\/wp-json\/wp\/v2\/pages\/58\/revisions"}],"predecessor-version":[{"id":383,"href":"https:\/\/aloretro.fr\/index.php\/wp-json\/wp\/v2\/pages\/58\/revisions\/383"}],"wp:attachment":[{"href":"https:\/\/aloretro.fr\/index.php\/wp-json\/wp\/v2\/media?parent=58"}],"curies":[{"name":"wp","href":"https:\/\/api.w.org\/{rel}","templated":true}]}}